{"id":1244,"date":"2023-07-26T16:08:36","date_gmt":"2023-07-26T14:08:36","guid":{"rendered":"https:\/\/bockvonwuelfingen.org\/?page_id=1244"},"modified":"2023-10-12T20:20:23","modified_gmt":"2023-10-12T18:20:23","slug":"training-mediation-coaching-impressum","status":"publish","type":"page","link":"https:\/\/bockvonwuelfingen.org\/en\/training-mediation-coaching-impressum\/","title":{"rendered":"Impressum"},"content":{"rendered":"\n<div style=\"height:100px\" aria-hidden=\"true\" class=\"wp-block-spacer\"><\/div>\n\n\n\n<div class=\"wp-block-columns is-layout-flex wp-container-core-columns-layout-1 wp-block-columns-is-layout-flex\">\n<div class=\"wp-block-column is-layout-flow wp-block-column-is-layout-flow\" style=\"flex-basis:25%\">\n<figure class=\"wp-block-image size-large\"><a href=\"https:\/\/bockvonwuelfingen.org\/training-coaching-mediation\/\"><img loading=\"lazy\" decoding=\"async\" width=\"840\" height=\"280\" src=\"https:\/\/i0.wp.com\/bockvonwuelfingen.org\/wp-content\/uploads\/2023\/07\/Bettina-Buttons-1-e1688678175823-1024x341.png?resize=840%2C280&#038;ssl=1\" alt=\"\" class=\"wp-image-930\" srcset=\"https:\/\/i0.wp.com\/bockvonwuelfingen.org\/wp-content\/uploads\/2023\/07\/Bettina-Buttons-1-e1688678175823.png?resize=1024%2C341&amp;ssl=1 1024w, https:\/\/i0.wp.com\/bockvonwuelfingen.org\/wp-content\/uploads\/2023\/07\/Bettina-Buttons-1-e1688678175823.png?resize=300%2C100&amp;ssl=1 300w, https:\/\/i0.wp.com\/bockvonwuelfingen.org\/wp-content\/uploads\/2023\/07\/Bettina-Buttons-1-e1688678175823.png?resize=768%2C256&amp;ssl=1 768w, https:\/\/i0.wp.com\/bockvonwuelfingen.org\/wp-content\/uploads\/2023\/07\/Bettina-Buttons-1-e1688678175823.png?resize=1200%2C400&amp;ssl=1 1200w, https:\/\/i0.wp.com\/bockvonwuelfingen.org\/wp-content\/uploads\/2023\/07\/Bettina-Buttons-1-e1688678175823.png?w=1500&amp;ssl=1 1500w\" sizes=\"(max-width: 709px) 85vw, (max-width: 909px) 67vw, (max-width: 1362px) 62vw, 840px\" data-recalc-dims=\"1\" \/><\/a><\/figure>\n\n\n\n<figure class=\"wp-block-image size-large\"><a href=\"https:\/\/bockvonwuelfingen.org\/trainings-fuer-leitungen-teams-gruppen\/\"><img loading=\"lazy\" decoding=\"async\" width=\"840\" height=\"280\" src=\"https:\/\/i0.wp.com\/bockvonwuelfingen.org\/wp-content\/uploads\/2023\/07\/2-1.png?resize=840%2C280&#038;ssl=1\" alt=\"\" class=\"wp-image-1212\" data-recalc-dims=\"1\"\/><\/a><\/figure>\n\n\n\n<figure class=\"wp-block-image size-large\"><a href=\"https:\/\/bockvonwuelfingen.org\/trainings-fuer-gruppen-im-aufstieg\/\"><img loading=\"lazy\" decoding=\"async\" width=\"840\" height=\"280\" src=\"https:\/\/i0.wp.com\/bockvonwuelfingen.org\/wp-content\/uploads\/2023\/07\/3-1.png?resize=840%2C280&#038;ssl=1\" alt=\"\" class=\"wp-image-1213\" data-recalc-dims=\"1\"\/><\/a><\/figure>\n\n\n\n<figure class=\"wp-block-image size-large\"><a href=\"https:\/\/bockvonwuelfingen.org\/coaching-fuer-einzelpersonen\/\"><img loading=\"lazy\" decoding=\"async\" width=\"840\" height=\"280\" src=\"https:\/\/i0.wp.com\/bockvonwuelfingen.org\/wp-content\/uploads\/2023\/07\/4.png?resize=840%2C280&#038;ssl=1\" alt=\"\" class=\"wp-image-847\" data-recalc-dims=\"1\"\/><\/a><\/figure>\n<\/div>\n\n\n\n<div class=\"wp-block-column is-layout-flow wp-block-column-is-layout-flow\" style=\"flex-basis:50%\">\n<p class=\"has-text-color\" style=\"color:#e66e60;font-size:35px; font-family:lato; padding: 0px; margin: 0px;\"><strong>Impressum<\/strong><\/p>\n\n\n\n<p><p style=\"font-family:lato\">nach \u00a7 5 Telemediengesetz (TMG)<br><br>\nEmail: <a href=\"mailto:post@bockvonwuelfingen.de\">post@bockvonwuelfingen.org <\/a> <br>\nTel.: +49 (0)30 25 93 26 24 <br>\nAdresse: PD Dr. Bettina Bock von W\u00fclfingen <br>\nInstitut f\u00fcr Kulturwissenschaft <br>\nHumboldt-Universit\u00e4t zu Berlin <br>\nUnter den Linden 6 <br>\n10099 Berlin<\/p>\n<\/div>\n\n\n\n<div class=\"wp-block-column is-layout-flow wp-block-column-is-layout-flow\" style=\"flex-basis:25%\"><\/div>\n<\/div>\n","protected":false},"excerpt":{"rendered":"<p>Impressum nach \u00a7 5 Telemediengesetz (TMG) Email: post@bockvonwuelfingen.org Tel.: +49 (0)30 25 93 26 24 Adresse: PD Dr. Bettina Bock von W\u00fclfingen Institut f\u00fcr Kulturwissenschaft Humboldt-Universit\u00e4t zu Berlin Unter den Linden 6 10099 Berlin<\/p>\n","protected":false},"author":1,"featured_media":0,"parent":0,"menu_order":0,"comment_status":"closed","ping_status":"closed","template":"template-page-builder-no-header-footer.php","meta":{"footnotes":""},"translation":{"provider":"WPGlobus","version":"2.12.2","language":"en","enabled_languages":["de","en"],"languages":{"de":{"title":true,"content":true,"excerpt":false},"en":{"title":false,"content":false,"excerpt":false}}},"yoast_head":"<!-- This site is optimized with the Yoast SEO plugin v22.5 - https:\/\/yoast.com\/wordpress\/plugins\/seo\/ -->\n<title>Impressum - PD Dr. Bettina Bock von W\u00fclfingen<\/title>\n<meta name=\"robots\" content=\"index, follow, max-snippet:-1, max-image-preview:large, max-video-preview:-1\" \/>\n<link rel=\"canonical\" href=\"https:\/\/bockvonwuelfingen.org\/training-mediation-coaching-impressum\/\" \/>\n<meta property=\"og:locale\" content=\"en_US\" \/>\n<meta property=\"og:type\" content=\"article\" \/>\n<meta property=\"og:title\" content=\"Impressum - PD Dr. Bettina Bock von W\u00fclfingen\" \/>\n<meta property=\"og:url\" content=\"https:\/\/bockvonwuelfingen.org\/training-mediation-coaching-impressum\/\" \/>\n<meta property=\"og:site_name\" content=\"PD Dr. Bettina Bock von W\u00fclfingen\" \/>\n<meta property=\"article:modified_time\" content=\"2023-10-12T18:20:23+00:00\" \/>\n<meta property=\"og:image\" content=\"https:\/\/bockvonwuelfingen.org\/wp-content\/uploads\/2023\/07\/Bettina-Buttons-1-e1688678175823-1024x341.png\" \/>\n<meta name=\"twitter:card\" content=\"summary_large_image\" \/>\n<meta name=\"twitter:label1\" content=\"Est. reading time\" \/>\n\t<meta name=\"twitter:data1\" content=\"1 minute\" \/>\n<script type=\"application\/ld+json\" class=\"yoast-schema-graph\">{\"@context\":\"https:\/\/schema.org\",\"@graph\":[{\"@type\":\"WebPage\",\"@id\":\"https:\/\/bockvonwuelfingen.org\/training-mediation-coaching-impressum\/\",\"url\":\"https:\/\/bockvonwuelfingen.org\/training-mediation-coaching-impressum\/\",\"name\":\"Impressum - PD Dr. Bettina Bock von W\u00fclfingen\",\"isPartOf\":{\"@id\":\"https:\/\/bockvonwuelfingen.org\/#website\"},\"primaryImageOfPage\":{\"@id\":\"https:\/\/bockvonwuelfingen.org\/training-mediation-coaching-impressum\/#primaryimage\"},\"image\":{\"@id\":\"https:\/\/bockvonwuelfingen.org\/training-mediation-coaching-impressum\/#primaryimage\"},\"thumbnailUrl\":\"https:\/\/bockvonwuelfingen.org\/wp-content\/uploads\/2023\/07\/Bettina-Buttons-1-e1688678175823-1024x341.png\",\"datePublished\":\"2023-07-26T14:08:36+00:00\",\"dateModified\":\"2023-10-12T18:20:23+00:00\",\"breadcrumb\":{\"@id\":\"https:\/\/bockvonwuelfingen.org\/training-mediation-coaching-impressum\/#breadcrumb\"},\"inLanguage\":\"en-US\",\"potentialAction\":[{\"@type\":\"ReadAction\",\"target\":[\"https:\/\/bockvonwuelfingen.org\/training-mediation-coaching-impressum\/\"]}]},{\"@type\":\"ImageObject\",\"inLanguage\":\"en-US\",\"@id\":\"https:\/\/bockvonwuelfingen.org\/training-mediation-coaching-impressum\/#primaryimage\",\"url\":\"https:\/\/bockvonwuelfingen.org\/wp-content\/uploads\/2023\/07\/Bettina-Buttons-1-e1688678175823-1024x341.png\",\"contentUrl\":\"https:\/\/bockvonwuelfingen.org\/wp-content\/uploads\/2023\/07\/Bettina-Buttons-1-e1688678175823-1024x341.png\"},{\"@type\":\"BreadcrumbList\",\"@id\":\"https:\/\/bockvonwuelfingen.org\/training-mediation-coaching-impressum\/#breadcrumb\",\"itemListElement\":[{\"@type\":\"ListItem\",\"position\":1,\"name\":\"Startseite\",\"item\":\"https:\/\/bockvonwuelfingen.org\/\"},{\"@type\":\"ListItem\",\"position\":2,\"name\":\"Impressum\"}]},{\"@type\":\"WebSite\",\"@id\":\"https:\/\/bockvonwuelfingen.org\/#website\",\"url\":\"https:\/\/bockvonwuelfingen.org\/\",\"name\":\"Bettina W\u00fclfingen\",\"description\":\"Associate Professor at the Institute for Cultural History and Theory, Humboldt-Universit\u00e4t zu Berlin\",\"publisher\":{\"@id\":\"https:\/\/bockvonwuelfingen.org\/#\/schema\/person\/61c196bfb1a7a615a5363fae7a8c0da8\"},\"potentialAction\":[{\"@type\":\"SearchAction\",\"target\":{\"@type\":\"EntryPoint\",\"urlTemplate\":\"https:\/\/bockvonwuelfingen.org\/?s={search_term_string}\"},\"query-input\":\"required name=search_term_string\"}],\"inLanguage\":\"en-US\"},{\"@type\":[\"Person\",\"Organization\"],\"@id\":\"https:\/\/bockvonwuelfingen.org\/#\/schema\/person\/61c196bfb1a7a615a5363fae7a8c0da8\",\"name\":\"Bettina\",\"image\":{\"@type\":\"ImageObject\",\"inLanguage\":\"en-US\",\"@id\":\"https:\/\/bockvonwuelfingen.org\/#\/schema\/person\/image\/\",\"url\":\"https:\/\/i0.wp.com\/bockvonwuelfingen.org\/wp-content\/uploads\/2023\/10\/IMG_2597-scaled.jpg?fit=1707%2C2560&ssl=1\",\"contentUrl\":\"https:\/\/i0.wp.com\/bockvonwuelfingen.org\/wp-content\/uploads\/2023\/10\/IMG_2597-scaled.jpg?fit=1707%2C2560&ssl=1\",\"width\":1707,\"height\":2560,\"caption\":\"Bettina\"},\"logo\":{\"@id\":\"https:\/\/bockvonwuelfingen.org\/#\/schema\/person\/image\/\"},\"sameAs\":[\"http:\/\/bockvonwuelfingen.org\/spielraum\",\"https:\/\/www.linkedin.com\/in\/bettina-bock-von-wlfingen-b605b72\/\"]}]}<\/script>\n<!-- \/ Yoast SEO plugin. -->","yoast_head_json":{"title":"Impressum - PD Dr. Bettina Bock von W\u00fclfingen","robots":{"index":"index","follow":"follow","max-snippet":"max-snippet:-1","max-image-preview":"max-image-preview:large","max-video-preview":"max-video-preview:-1"},"canonical":"https:\/\/bockvonwuelfingen.org\/training-mediation-coaching-impressum\/","og_locale":"en_US","og_type":"article","og_title":"Impressum - PD Dr. Bettina Bock von W\u00fclfingen","og_url":"https:\/\/bockvonwuelfingen.org\/training-mediation-coaching-impressum\/","og_site_name":"PD Dr. Bettina Bock von W\u00fclfingen","article_modified_time":"2023-10-12T18:20:23+00:00","og_image":[{"url":"https:\/\/bockvonwuelfingen.org\/wp-content\/uploads\/2023\/07\/Bettina-Buttons-1-e1688678175823-1024x341.png"}],"twitter_card":"summary_large_image","twitter_misc":{"Est. reading time":"1 minute"},"schema":{"@context":"https:\/\/schema.org","@graph":[{"@type":"WebPage","@id":"https:\/\/bockvonwuelfingen.org\/training-mediation-coaching-impressum\/","url":"https:\/\/bockvonwuelfingen.org\/training-mediation-coaching-impressum\/","name":"Impressum - PD Dr. Bettina Bock von W\u00fclfingen","isPartOf":{"@id":"https:\/\/bockvonwuelfingen.org\/#website"},"primaryImageOfPage":{"@id":"https:\/\/bockvonwuelfingen.org\/training-mediation-coaching-impressum\/#primaryimage"},"image":{"@id":"https:\/\/bockvonwuelfingen.org\/training-mediation-coaching-impressum\/#primaryimage"},"thumbnailUrl":"https:\/\/bockvonwuelfingen.org\/wp-content\/uploads\/2023\/07\/Bettina-Buttons-1-e1688678175823-1024x341.png","datePublished":"2023-07-26T14:08:36+00:00","dateModified":"2023-10-12T18:20:23+00:00","breadcrumb":{"@id":"https:\/\/bockvonwuelfingen.org\/training-mediation-coaching-impressum\/#breadcrumb"},"inLanguage":"en-US","potentialAction":[{"@type":"ReadAction","target":["https:\/\/bockvonwuelfingen.org\/training-mediation-coaching-impressum\/"]}]},{"@type":"ImageObject","inLanguage":"en-US","@id":"https:\/\/bockvonwuelfingen.org\/training-mediation-coaching-impressum\/#primaryimage","url":"https:\/\/bockvonwuelfingen.org\/wp-content\/uploads\/2023\/07\/Bettina-Buttons-1-e1688678175823-1024x341.png","contentUrl":"https:\/\/bockvonwuelfingen.org\/wp-content\/uploads\/2023\/07\/Bettina-Buttons-1-e1688678175823-1024x341.png"},{"@type":"BreadcrumbList","@id":"https:\/\/bockvonwuelfingen.org\/training-mediation-coaching-impressum\/#breadcrumb","itemListElement":[{"@type":"ListItem","position":1,"name":"Startseite","item":"https:\/\/bockvonwuelfingen.org\/"},{"@type":"ListItem","position":2,"name":"Impressum"}]},{"@type":"WebSite","@id":"https:\/\/bockvonwuelfingen.org\/#website","url":"https:\/\/bockvonwuelfingen.org\/","name":"Bettina W\u00fclfingen","description":"Associate Professor at the Institute for Cultural History and Theory, Humboldt-Universit\u00e4t zu Berlin","publisher":{"@id":"https:\/\/bockvonwuelfingen.org\/#\/schema\/person\/61c196bfb1a7a615a5363fae7a8c0da8"},"potentialAction":[{"@type":"SearchAction","target":{"@type":"EntryPoint","urlTemplate":"https:\/\/bockvonwuelfingen.org\/?s={search_term_string}"},"query-input":"required name=search_term_string"}],"inLanguage":"en-US"},{"@type":["Person","Organization"],"@id":"https:\/\/bockvonwuelfingen.org\/#\/schema\/person\/61c196bfb1a7a615a5363fae7a8c0da8","name":"Bettina","image":{"@type":"ImageObject","inLanguage":"en-US","@id":"https:\/\/bockvonwuelfingen.org\/#\/schema\/person\/image\/","url":"https:\/\/i0.wp.com\/bockvonwuelfingen.org\/wp-content\/uploads\/2023\/10\/IMG_2597-scaled.jpg?fit=1707%2C2560&ssl=1","contentUrl":"https:\/\/i0.wp.com\/bockvonwuelfingen.org\/wp-content\/uploads\/2023\/10\/IMG_2597-scaled.jpg?fit=1707%2C2560&ssl=1","width":1707,"height":2560,"caption":"Bettina"},"logo":{"@id":"https:\/\/bockvonwuelfingen.org\/#\/schema\/person\/image\/"},"sameAs":["http:\/\/bockvonwuelfingen.org\/spielraum","https:\/\/www.linkedin.com\/in\/bettina-bock-von-wlfingen-b605b72\/"]}]}},"jetpack_sharing_enabled":true,"_links":{"self":[{"href":"https:\/\/bockvonwuelfingen.org\/en\/wp-json\/wp\/v2\/pages\/1244"}],"collection":[{"href":"https:\/\/bockvonwuelfingen.org\/en\/wp-json\/wp\/v2\/pages"}],"about":[{"href":"https:\/\/bockvonwuelfingen.org\/en\/wp-json\/wp\/v2\/types\/page"}],"author":[{"embeddable":true,"href":"https:\/\/bockvonwuelfingen.org\/en\/wp-json\/wp\/v2\/users\/1"}],"replies":[{"embeddable":true,"href":"https:\/\/bockvonwuelfingen.org\/en\/wp-json\/wp\/v2\/comments?post=1244"}],"version-history":[{"count":10,"href":"https:\/\/bockvonwuelfingen.org\/en\/wp-json\/wp\/v2\/pages\/1244\/revisions"}],"predecessor-version":[{"id":1754,"href":"https:\/\/bockvonwuelfingen.org\/en\/wp-json\/wp\/v2\/pages\/1244\/revisions\/1754"}],"wp:attachment":[{"href":"https:\/\/bockvonwuelfingen.org\/en\/wp-json\/wp\/v2\/media?parent=1244"}],"curies":[{"name":"wp","href":"https:\/\/api.w.org\/{rel}","templated":true}]}}