{"id":1250,"date":"2023-07-26T16:11:41","date_gmt":"2023-07-26T14:11:41","guid":{"rendered":"https:\/\/bockvonwuelfingen.org\/?page_id=1250"},"modified":"2023-10-12T20:19:56","modified_gmt":"2023-10-12T18:19:56","slug":"training-mediation-coaching-datenschutz","status":"publish","type":"page","link":"https:\/\/bockvonwuelfingen.org\/en\/training-mediation-coaching-datenschutz\/","title":{"rendered":"Datenschutz"},"content":{"rendered":"\n<div style=\"height:100px\" aria-hidden=\"true\" class=\"wp-block-spacer\"><\/div>\n\n\n\n<div class=\"wp-block-columns is-layout-flex wp-container-core-columns-layout-1 wp-block-columns-is-layout-flex\">\n<div class=\"wp-block-column is-layout-flow wp-block-column-is-layout-flow\" style=\"flex-basis:25%\">\n<figure class=\"wp-block-image size-large\"><a href=\"https:\/\/bockvonwuelfingen.org\/training-coaching-mediation\/\"><img loading=\"lazy\" decoding=\"async\" width=\"840\" height=\"280\" src=\"https:\/\/i0.wp.com\/bockvonwuelfingen.org\/wp-content\/uploads\/2023\/07\/Bettina-Buttons-1-e1688678175823-1024x341.png?resize=840%2C280&#038;ssl=1\" alt=\"\" class=\"wp-image-930\" srcset=\"https:\/\/i0.wp.com\/bockvonwuelfingen.org\/wp-content\/uploads\/2023\/07\/Bettina-Buttons-1-e1688678175823.png?resize=1024%2C341&amp;ssl=1 1024w, https:\/\/i0.wp.com\/bockvonwuelfingen.org\/wp-content\/uploads\/2023\/07\/Bettina-Buttons-1-e1688678175823.png?resize=300%2C100&amp;ssl=1 300w, https:\/\/i0.wp.com\/bockvonwuelfingen.org\/wp-content\/uploads\/2023\/07\/Bettina-Buttons-1-e1688678175823.png?resize=768%2C256&amp;ssl=1 768w, https:\/\/i0.wp.com\/bockvonwuelfingen.org\/wp-content\/uploads\/2023\/07\/Bettina-Buttons-1-e1688678175823.png?resize=1200%2C400&amp;ssl=1 1200w, https:\/\/i0.wp.com\/bockvonwuelfingen.org\/wp-content\/uploads\/2023\/07\/Bettina-Buttons-1-e1688678175823.png?w=1500&amp;ssl=1 1500w\" sizes=\"(max-width: 709px) 85vw, (max-width: 909px) 67vw, (max-width: 1362px) 62vw, 840px\" data-recalc-dims=\"1\" \/><\/a><\/figure>\n\n\n\n<figure class=\"wp-block-image size-large\"><a href=\"https:\/\/bockvonwuelfingen.org\/trainings-fuer-leitungen-teams-gruppen\/\"><img loading=\"lazy\" decoding=\"async\" width=\"840\" height=\"280\" src=\"https:\/\/i0.wp.com\/bockvonwuelfingen.org\/wp-content\/uploads\/2023\/07\/2-1.png?resize=840%2C280&#038;ssl=1\" alt=\"\" class=\"wp-image-1212\" data-recalc-dims=\"1\"\/><\/a><\/figure>\n\n\n\n<figure class=\"wp-block-image size-large\"><a href=\"https:\/\/bockvonwuelfingen.org\/trainings-fuer-gruppen-im-aufstieg\/\"><img loading=\"lazy\" decoding=\"async\" width=\"840\" height=\"280\" src=\"https:\/\/i0.wp.com\/bockvonwuelfingen.org\/wp-content\/uploads\/2023\/07\/3-1.png?resize=840%2C280&#038;ssl=1\" alt=\"\" class=\"wp-image-1213\" data-recalc-dims=\"1\"\/><\/a><\/figure>\n\n\n\n<figure class=\"wp-block-image size-large\"><a href=\"https:\/\/bockvonwuelfingen.org\/coaching-fuer-einzelpersonen\/\"><img loading=\"lazy\" decoding=\"async\" width=\"840\" height=\"280\" src=\"https:\/\/i0.wp.com\/bockvonwuelfingen.org\/wp-content\/uploads\/2023\/07\/4.png?resize=840%2C280&#038;ssl=1\" alt=\"\" class=\"wp-image-847\" data-recalc-dims=\"1\"\/><\/a><\/figure>\n<\/div>\n\n\n\n<div class=\"wp-block-column is-layout-flow wp-block-column-is-layout-flow\" style=\"flex-basis:50%\">\n<p class=\"has-text-color\" style=\"color:#e66e60;font-size:35px; font-family:lato; padding: 0px; margin: 0px;\"><strong>Datenschutz<\/strong><\/p>\n\n\n\n<p><p style=\"font-family:lato\">Datenschutz<br> <br> \nDie, die diese Seite betreiben, nehmen den Schutz Ihrer pers\u00f6nlichen Daten sehr ernst. Wir behandeln Ihre personenbezogenen Daten vertraulich und entsprechend der gesetzlichen Datenschutzvorschriften sowie dieser Datenschutzerkl\u00e4rung. <br>\nDie Nutzung unserer Webseite ist in der Regel ohne Angabe personenbezogener Daten m\u00f6glich. Soweit auf unseren Seiten personenbezogene Daten (beispielsweise Name, Anschrift oder E-Mail-Adressen) erhoben werden, erfolgt dies, soweit m\u00f6glich, stets auf freiwilliger Basis. Diese Daten werden ohne Ihre ausdr\u00fcckliche Zustimmung nicht an Dritte weitergegeben. <br>\nWir weisen darauf hin, dass die Daten\u00fcbertragung im Internet (z.B. bei der Kommunikation per E-Mail) Sicherheitsl\u00fccken aufweisen kann. Ein l\u00fcckenloser Schutz der Daten vor dem Zugriff durch Dritte ist nicht m\u00f6glich. <br><br>\nCookies<br><br>\nDie Internetseiten verwenden teilweise so genannte Cookies. Cookies richten auf Ihrem Rechner keinen Schaden an und enthalten keine Viren. Cookies dienen dazu, unser Angebot nutzerfreundlicher, effektiver und sicherer zu machen. Cookies sind kleine Textdateien, die auf Ihrem Rechner abgelegt werden und die Ihr Browser speichert.<br>\nDie meisten der von uns verwendeten Cookies sind so genannte \u201eSession-Cookies\u201c. Sie werden nach Ende Ihres Besuchs automatisch gel\u00f6scht. Andere Cookies bleiben auf Ihrem Endger\u00e4t gespeichert, bis Sie diese l\u00f6schen. Diese Cookies erm\u00f6glichen es uns, Ihren Browser beim n\u00e4chsten Besuch wiederzuerkennen.<br>\nSie k\u00f6nnen Ihren Browser so einstellen, dass Sie \u00fcber das Setzen von Cookies informiert werden und Cookies nur im Einzelfall erlauben, die Annahme von Cookies f\u00fcr bestimmte F\u00e4lle oder generell ausschlie\u00dfen sowie das automatische L\u00f6schen der Cookies beim Schlie\u00dfen des Browser aktivieren. Bei der Deaktivierung von Cookies kann die Funktionalit\u00e4t dieser Website eingeschr\u00e4nkt sein.<br><br>\nServer-Log- Files<br><br>\nDie Providerin der Seiten erhebt und speichert automatisch Informationen in so genannten Server-Log Files, die Ihr Browser automatisch an uns \u00fcbermittelt. Dies sind:<br>\nBrowsertyp und Browserversion<br>\nverwendetes Betriebssystem<br>\nReferrer URL<br>\nHostname des zugreifenden Rechners<br>\nUhrzeit der Serveranfrage<br>\nDiese Daten sind nicht bestimmten Personen zuordenbar. Eine Zusammenf\u00fchrung dieser Daten mit anderen Datenquellen wird nicht vorgenommen. Wir behalten uns vor, diese Daten nachtr\u00e4glich zu pr\u00fcfen, wenn uns konkrete Anhaltspunkte f\u00fcr eine rechtswidrige Nutzung bekannt werden.<\/p>\n<\/div>\n\n\n\n<div class=\"wp-block-column is-layout-flow wp-block-column-is-layout-flow\" style=\"flex-basis:25%\"><\/div>\n<\/div>\n","protected":false},"excerpt":{"rendered":"<p>Datenschutz Datenschutz Die, die diese Seite betreiben, nehmen den Schutz Ihrer pers\u00f6nlichen Daten sehr ernst. Wir behandeln Ihre personenbezogenen Daten vertraulich und entsprechend der gesetzlichen Datenschutzvorschriften sowie dieser Datenschutzerkl\u00e4rung. Die Nutzung unserer Webseite ist in der Regel ohne Angabe personenbezogener Daten m\u00f6glich. Soweit auf unseren Seiten personenbezogene Daten (beispielsweise Name, Anschrift oder E-Mail-Adressen) erhoben werden, &hellip; <a href=\"https:\/\/bockvonwuelfingen.org\/en\/training-mediation-coaching-datenschutz\/\" class=\"more-link\">Continue reading<span class=\"screen-reader-text\"> &#8220;Datenschutz&#8221;<\/span><\/a><\/p>\n","protected":false},"author":1,"featured_media":0,"parent":0,"menu_order":0,"comment_status":"closed","ping_status":"closed","template":"template-page-builder-no-header-footer.php","meta":{"footnotes":""},"translation":{"provider":"WPGlobus","version":"2.12.2","language":"en","enabled_languages":["de","en"],"languages":{"de":{"title":true,"content":true,"excerpt":false},"en":{"title":false,"content":false,"excerpt":false}}},"yoast_head":"<!-- This site is optimized with the Yoast SEO plugin v22.5 - https:\/\/yoast.com\/wordpress\/plugins\/seo\/ -->\n<title>Datenschutz - PD Dr. Bettina Bock von W\u00fclfingen<\/title>\n<meta name=\"robots\" content=\"index, follow, max-snippet:-1, max-image-preview:large, max-video-preview:-1\" \/>\n<link rel=\"canonical\" href=\"https:\/\/bockvonwuelfingen.org\/training-mediation-coaching-datenschutz\/\" \/>\n<meta property=\"og:locale\" content=\"en_US\" \/>\n<meta property=\"og:type\" content=\"article\" \/>\n<meta property=\"og:title\" content=\"Datenschutz - PD Dr. Bettina Bock von W\u00fclfingen\" \/>\n<meta property=\"og:url\" content=\"https:\/\/bockvonwuelfingen.org\/training-mediation-coaching-datenschutz\/\" \/>\n<meta property=\"og:site_name\" content=\"PD Dr. Bettina Bock von W\u00fclfingen\" \/>\n<meta property=\"article:modified_time\" content=\"2023-10-12T18:19:56+00:00\" \/>\n<meta property=\"og:image\" content=\"https:\/\/bockvonwuelfingen.org\/wp-content\/uploads\/2023\/07\/Bettina-Buttons-1-e1688678175823-1024x341.png\" \/>\n<meta name=\"twitter:card\" content=\"summary_large_image\" \/>\n<meta name=\"twitter:label1\" content=\"Est. reading time\" \/>\n\t<meta name=\"twitter:data1\" content=\"3 minutes\" \/>\n<script type=\"application\/ld+json\" class=\"yoast-schema-graph\">{\"@context\":\"https:\/\/schema.org\",\"@graph\":[{\"@type\":\"WebPage\",\"@id\":\"https:\/\/bockvonwuelfingen.org\/training-mediation-coaching-datenschutz\/\",\"url\":\"https:\/\/bockvonwuelfingen.org\/training-mediation-coaching-datenschutz\/\",\"name\":\"Datenschutz - PD Dr. Bettina Bock von W\u00fclfingen\",\"isPartOf\":{\"@id\":\"https:\/\/bockvonwuelfingen.org\/#website\"},\"primaryImageOfPage\":{\"@id\":\"https:\/\/bockvonwuelfingen.org\/training-mediation-coaching-datenschutz\/#primaryimage\"},\"image\":{\"@id\":\"https:\/\/bockvonwuelfingen.org\/training-mediation-coaching-datenschutz\/#primaryimage\"},\"thumbnailUrl\":\"https:\/\/bockvonwuelfingen.org\/wp-content\/uploads\/2023\/07\/Bettina-Buttons-1-e1688678175823-1024x341.png\",\"datePublished\":\"2023-07-26T14:11:41+00:00\",\"dateModified\":\"2023-10-12T18:19:56+00:00\",\"breadcrumb\":{\"@id\":\"https:\/\/bockvonwuelfingen.org\/training-mediation-coaching-datenschutz\/#breadcrumb\"},\"inLanguage\":\"en-US\",\"potentialAction\":[{\"@type\":\"ReadAction\",\"target\":[\"https:\/\/bockvonwuelfingen.org\/training-mediation-coaching-datenschutz\/\"]}]},{\"@type\":\"ImageObject\",\"inLanguage\":\"en-US\",\"@id\":\"https:\/\/bockvonwuelfingen.org\/training-mediation-coaching-datenschutz\/#primaryimage\",\"url\":\"https:\/\/bockvonwuelfingen.org\/wp-content\/uploads\/2023\/07\/Bettina-Buttons-1-e1688678175823-1024x341.png\",\"contentUrl\":\"https:\/\/bockvonwuelfingen.org\/wp-content\/uploads\/2023\/07\/Bettina-Buttons-1-e1688678175823-1024x341.png\"},{\"@type\":\"BreadcrumbList\",\"@id\":\"https:\/\/bockvonwuelfingen.org\/training-mediation-coaching-datenschutz\/#breadcrumb\",\"itemListElement\":[{\"@type\":\"ListItem\",\"position\":1,\"name\":\"Startseite\",\"item\":\"https:\/\/bockvonwuelfingen.org\/\"},{\"@type\":\"ListItem\",\"position\":2,\"name\":\"Datenschutz\"}]},{\"@type\":\"WebSite\",\"@id\":\"https:\/\/bockvonwuelfingen.org\/#website\",\"url\":\"https:\/\/bockvonwuelfingen.org\/\",\"name\":\"Bettina W\u00fclfingen\",\"description\":\"Associate Professor at the Institute for Cultural History and Theory, Humboldt-Universit\u00e4t zu Berlin\",\"publisher\":{\"@id\":\"https:\/\/bockvonwuelfingen.org\/#\/schema\/person\/61c196bfb1a7a615a5363fae7a8c0da8\"},\"potentialAction\":[{\"@type\":\"SearchAction\",\"target\":{\"@type\":\"EntryPoint\",\"urlTemplate\":\"https:\/\/bockvonwuelfingen.org\/?s={search_term_string}\"},\"query-input\":\"required name=search_term_string\"}],\"inLanguage\":\"en-US\"},{\"@type\":[\"Person\",\"Organization\"],\"@id\":\"https:\/\/bockvonwuelfingen.org\/#\/schema\/person\/61c196bfb1a7a615a5363fae7a8c0da8\",\"name\":\"Bettina\",\"image\":{\"@type\":\"ImageObject\",\"inLanguage\":\"en-US\",\"@id\":\"https:\/\/bockvonwuelfingen.org\/#\/schema\/person\/image\/\",\"url\":\"https:\/\/i0.wp.com\/bockvonwuelfingen.org\/wp-content\/uploads\/2023\/10\/IMG_2597-scaled.jpg?fit=1707%2C2560&ssl=1\",\"contentUrl\":\"https:\/\/i0.wp.com\/bockvonwuelfingen.org\/wp-content\/uploads\/2023\/10\/IMG_2597-scaled.jpg?fit=1707%2C2560&ssl=1\",\"width\":1707,\"height\":2560,\"caption\":\"Bettina\"},\"logo\":{\"@id\":\"https:\/\/bockvonwuelfingen.org\/#\/schema\/person\/image\/\"},\"sameAs\":[\"http:\/\/bockvonwuelfingen.org\/spielraum\",\"https:\/\/www.linkedin.com\/in\/bettina-bock-von-wlfingen-b605b72\/\"]}]}<\/script>\n<!-- \/ Yoast SEO plugin. -->","yoast_head_json":{"title":"Datenschutz - PD Dr. Bettina Bock von W\u00fclfingen","robots":{"index":"index","follow":"follow","max-snippet":"max-snippet:-1","max-image-preview":"max-image-preview:large","max-video-preview":"max-video-preview:-1"},"canonical":"https:\/\/bockvonwuelfingen.org\/training-mediation-coaching-datenschutz\/","og_locale":"en_US","og_type":"article","og_title":"Datenschutz - PD Dr. Bettina Bock von W\u00fclfingen","og_url":"https:\/\/bockvonwuelfingen.org\/training-mediation-coaching-datenschutz\/","og_site_name":"PD Dr. Bettina Bock von W\u00fclfingen","article_modified_time":"2023-10-12T18:19:56+00:00","og_image":[{"url":"https:\/\/bockvonwuelfingen.org\/wp-content\/uploads\/2023\/07\/Bettina-Buttons-1-e1688678175823-1024x341.png"}],"twitter_card":"summary_large_image","twitter_misc":{"Est. reading time":"3 minutes"},"schema":{"@context":"https:\/\/schema.org","@graph":[{"@type":"WebPage","@id":"https:\/\/bockvonwuelfingen.org\/training-mediation-coaching-datenschutz\/","url":"https:\/\/bockvonwuelfingen.org\/training-mediation-coaching-datenschutz\/","name":"Datenschutz - PD Dr. Bettina Bock von W\u00fclfingen","isPartOf":{"@id":"https:\/\/bockvonwuelfingen.org\/#website"},"primaryImageOfPage":{"@id":"https:\/\/bockvonwuelfingen.org\/training-mediation-coaching-datenschutz\/#primaryimage"},"image":{"@id":"https:\/\/bockvonwuelfingen.org\/training-mediation-coaching-datenschutz\/#primaryimage"},"thumbnailUrl":"https:\/\/bockvonwuelfingen.org\/wp-content\/uploads\/2023\/07\/Bettina-Buttons-1-e1688678175823-1024x341.png","datePublished":"2023-07-26T14:11:41+00:00","dateModified":"2023-10-12T18:19:56+00:00","breadcrumb":{"@id":"https:\/\/bockvonwuelfingen.org\/training-mediation-coaching-datenschutz\/#breadcrumb"},"inLanguage":"en-US","potentialAction":[{"@type":"ReadAction","target":["https:\/\/bockvonwuelfingen.org\/training-mediation-coaching-datenschutz\/"]}]},{"@type":"ImageObject","inLanguage":"en-US","@id":"https:\/\/bockvonwuelfingen.org\/training-mediation-coaching-datenschutz\/#primaryimage","url":"https:\/\/bockvonwuelfingen.org\/wp-content\/uploads\/2023\/07\/Bettina-Buttons-1-e1688678175823-1024x341.png","contentUrl":"https:\/\/bockvonwuelfingen.org\/wp-content\/uploads\/2023\/07\/Bettina-Buttons-1-e1688678175823-1024x341.png"},{"@type":"BreadcrumbList","@id":"https:\/\/bockvonwuelfingen.org\/training-mediation-coaching-datenschutz\/#breadcrumb","itemListElement":[{"@type":"ListItem","position":1,"name":"Startseite","item":"https:\/\/bockvonwuelfingen.org\/"},{"@type":"ListItem","position":2,"name":"Datenschutz"}]},{"@type":"WebSite","@id":"https:\/\/bockvonwuelfingen.org\/#website","url":"https:\/\/bockvonwuelfingen.org\/","name":"Bettina W\u00fclfingen","description":"Associate Professor at the Institute for Cultural History and Theory, Humboldt-Universit\u00e4t zu Berlin","publisher":{"@id":"https:\/\/bockvonwuelfingen.org\/#\/schema\/person\/61c196bfb1a7a615a5363fae7a8c0da8"},"potentialAction":[{"@type":"SearchAction","target":{"@type":"EntryPoint","urlTemplate":"https:\/\/bockvonwuelfingen.org\/?s={search_term_string}"},"query-input":"required name=search_term_string"}],"inLanguage":"en-US"},{"@type":["Person","Organization"],"@id":"https:\/\/bockvonwuelfingen.org\/#\/schema\/person\/61c196bfb1a7a615a5363fae7a8c0da8","name":"Bettina","image":{"@type":"ImageObject","inLanguage":"en-US","@id":"https:\/\/bockvonwuelfingen.org\/#\/schema\/person\/image\/","url":"https:\/\/i0.wp.com\/bockvonwuelfingen.org\/wp-content\/uploads\/2023\/10\/IMG_2597-scaled.jpg?fit=1707%2C2560&ssl=1","contentUrl":"https:\/\/i0.wp.com\/bockvonwuelfingen.org\/wp-content\/uploads\/2023\/10\/IMG_2597-scaled.jpg?fit=1707%2C2560&ssl=1","width":1707,"height":2560,"caption":"Bettina"},"logo":{"@id":"https:\/\/bockvonwuelfingen.org\/#\/schema\/person\/image\/"},"sameAs":["http:\/\/bockvonwuelfingen.org\/spielraum","https:\/\/www.linkedin.com\/in\/bettina-bock-von-wlfingen-b605b72\/"]}]}},"jetpack_sharing_enabled":true,"_links":{"self":[{"href":"https:\/\/bockvonwuelfingen.org\/en\/wp-json\/wp\/v2\/pages\/1250"}],"collection":[{"href":"https:\/\/bockvonwuelfingen.org\/en\/wp-json\/wp\/v2\/pages"}],"about":[{"href":"https:\/\/bockvonwuelfingen.org\/en\/wp-json\/wp\/v2\/types\/page"}],"author":[{"embeddable":true,"href":"https:\/\/bockvonwuelfingen.org\/en\/wp-json\/wp\/v2\/users\/1"}],"replies":[{"embeddable":true,"href":"https:\/\/bockvonwuelfingen.org\/en\/wp-json\/wp\/v2\/comments?post=1250"}],"version-history":[{"count":7,"href":"https:\/\/bockvonwuelfingen.org\/en\/wp-json\/wp\/v2\/pages\/1250\/revisions"}],"predecessor-version":[{"id":1753,"href":"https:\/\/bockvonwuelfingen.org\/en\/wp-json\/wp\/v2\/pages\/1250\/revisions\/1753"}],"wp:attachment":[{"href":"https:\/\/bockvonwuelfingen.org\/en\/wp-json\/wp\/v2\/media?parent=1250"}],"curies":[{"name":"wp","href":"https:\/\/api.w.org\/{rel}","templated":true}]}}