{"id":843,"date":"2023-07-03T21:38:07","date_gmt":"2023-07-03T19:38:07","guid":{"rendered":"https:\/\/bockvonwuelfingen.org\/?page_id=843"},"modified":"2023-07-13T23:40:27","modified_gmt":"2023-07-13T21:40:27","slug":"test-2","status":"publish","type":"page","link":"https:\/\/bockvonwuelfingen.org\/en\/test-2\/","title":{"rendered":"Test 2"},"content":{"rendered":"\n<div style=\"height:115px\" aria-hidden=\"true\" class=\"wp-block-spacer\"><\/div>\n\n\n\n<div style=\"height:26px\" aria-hidden=\"true\" class=\"wp-block-spacer\"><\/div>\n\n\n\n<div class=\"wp-block-columns is-layout-flex wp-container-core-columns-layout-1 wp-block-columns-is-layout-flex\">\n<div class=\"wp-block-column is-layout-flow wp-block-column-is-layout-flow\" style=\"flex-basis:30px\"><\/div>\n\n\n\n<div class=\"wp-block-column is-layout-flow wp-block-column-is-layout-flow\">\n<div class=\"wp-block-column\">&nbsp;<\/div>\n\n\n\n<p class=\"has-text-color\" style=\"color:#e66e60;font-size:28px\"><p class=\"has-text-color\" style=\"color:#e66e60;font-size:25px;font-family:lato\"><strong>Bettina W\u00fclfingen, PD Dr.<br>Training &amp; Coaching<\/strong><\/p><\/p>\n<\/div>\n\n\n\n<div class=\"wp-block-column is-layout-flow wp-block-column-is-layout-flow\" style=\"flex-basis:800px\"><div class=\"wp-block-image\">\n<figure class=\"alignright size-large is-resized\"><img loading=\"lazy\" decoding=\"async\" src=\"https:\/\/i0.wp.com\/bockvonwuelfingen.org\/wp-content\/uploads\/2023\/07\/Bettina_Din_A4-1-e1689061277174-908x1024.png?resize=287%2C322&#038;ssl=1\" alt=\"\" class=\"wp-image-924\" width=\"287\" height=\"322\" data-recalc-dims=\"1\" \/><\/figure><\/div>\n\n\n<p style=\"font-family:lato\"><font size=\"4\">Unsere Gesellschaft entwickelt sich rasch und fordert von uns st\u00e4ndige Ver\u00e4nderung. Meine Trainings und Workshops beantworten diese Herausforderungen mit ma\u00dfgeschneiderten Programmen. Zu meinen Angeboten geh\u00f6ren Workshops f\u00fcr Leitungen, Teams und gr\u00f6\u00dfere Gruppen zum Verst\u00e4ndnis von Geschlechter- und Diversit\u00e4ts-Anliegen ebenso wie Trainings im Umgang mit Machtspielen in \u00f6ffentlichen Situationen, Empowerment und Pr\u00e4sentationsprofiling auch speziell f\u00fcr Frauen, insbesondere auf dem Weg in F\u00fchrungspositionen. Alle Veranstaltungen k\u00f6nnen auch online und auf Englisch ausgerichtet werden.<\/font><\/p><\/p>\n<\/div>\n\n\n\n<div class=\"wp-block-column is-layout-flow wp-block-column-is-layout-flow\" style=\"flex-basis:30px\"><\/div>\n<\/div>\n\n\n\n<div class=\"wp-block-columns is-layout-flex wp-container-core-columns-layout-4 wp-block-columns-is-layout-flex\">\n<div class=\"wp-block-column is-layout-flow wp-block-column-is-layout-flow\">\n<div class=\"wp-block-columns is-layout-flex wp-container-core-columns-layout-3 wp-block-columns-is-layout-flex\">\n<div class=\"wp-block-column is-layout-flow wp-block-column-is-layout-flow\" style=\"flex-basis:100%\">\n<div class=\"wp-block-columns is-layout-flex wp-container-core-columns-layout-2 wp-block-columns-is-layout-flex\">\n<div class=\"wp-block-column is-layout-flow wp-block-column-is-layout-flow\" style=\"flex-basis:30px\"><\/div>\n\n\n\n<div class=\"boxtest\">\n<div class=\"wp-block-column is-layout-flow wp-block-column-is-layout-flow\">\n\n<figure class=\"wp-block-image size-full is-style-default\"><a href=\"https:\/\/bockvonwuelfingen.org\/zur-person\/\"><img decoding=\"async\" src=\"https:\/\/i0.wp.com\/bockvonwuelfingen.org\/wp-content\/uploads\/2023\/07\/1-e1688411592810.png?w=840&#038;ssl=1\" alt=\"\" class=\"wp-image-844\" data-recalc-dims=\"1\"\/><\/a><\/figure>\n<div class=\"boxtest-bottom\">\n<p class=\"has-text-align-center\" style=\"font-size:12px\"><p class=\"has-text-align-center\" style=\"font-size:12px;font-family:lato\">\n&#8211; 15+ Jahre Training als Dozentin<br \/>\n&#8211; 15+ Jahre Erfahrung als Coach<br \/>\n&#8211; Wissenschaftlich fundiert und up to date<br \/>\n&#8211; Stetig in Weiterbildung: Derzeit Ausbildung zur Mediatorin<br \/><\/center>\n<\/p>\n  <\/div>\n<\/div>\n\n<\/div>\n\n\n\n<div class=\"wp-block-column is-layout-flow wp-block-column-is-layout-flow\" style=\"flex-basis:30px\"><\/div>\n\n\n\n<div class=\"box2\">\n<div class=\"wp-block-column is-layout-flow wp-block-column-is-layout-flow\">\n\n<figure class=\"wp-block-image size-full is-style-default\"><a href=\"https:\/\/bockvonwuelfingen.org\/trainings-fuer-leitungen-teams-gruppen\/\"><img decoding=\"async\" src=\"https:\/\/i0.wp.com\/bockvonwuelfingen.org\/wp-content\/uploads\/2023\/07\/Bettina-Buttons-e1688413040463.png?w=840&#038;ssl=1\" alt=\"\" class=\"wp-image-860\" data-recalc-dims=\"1\"\/><\/a><\/figure>\n<div class=\"box2-bottom\">\n<p class=\"has-text-align-center\" style=\"font-size:12px\"><p class=\"has-text-align-center\" style=\"font-size:12px;font-family:lato\">\n&#8211; Sex, gender, Diversit\u00e4t<br \/>\n&#8211; Geschlechter- und diversit\u00e4tssensible Sprache<br \/>\n&#8211; Was Sie schon immer wissen wollten: non-bin\u00e4r, cis-, trans- und was es mit LGBTIQ*+ auf sich hat<br \/>\n&#8211; Gemeinsam wachsen als Team<br \/><\/p>\n  <\/div>\n<\/div>\n\n<\/div>\n\n\n\n<div class=\"wp-block-column is-layout-flow wp-block-column-is-layout-flow\" style=\"flex-basis:60px\"><\/div>\n\n\n\n<div class=\"box3\">\n<div class=\"wp-block-column is-layout-flow wp-block-column-is-layout-flow\">\n\n<figure class=\"wp-block-image size-full is-style-default\"><a href=\"https:\/\/bockvonwuelfingen.org\/trainings-fuer-gruppen-im-aufstieg\/\"><img loading=\"lazy\" decoding=\"async\" width=\"772\" height=\"498\" src=\"https:\/\/i0.wp.com\/bockvonwuelfingen.org\/wp-content\/uploads\/2023\/07\/3-e1688411658294.png?resize=772%2C498&#038;ssl=1\" alt=\"\" class=\"wp-image-846\" srcset=\"https:\/\/i0.wp.com\/bockvonwuelfingen.org\/wp-content\/uploads\/2023\/07\/3-e1688411658294.png?w=772&amp;ssl=1 772w, https:\/\/i0.wp.com\/bockvonwuelfingen.org\/wp-content\/uploads\/2023\/07\/3-e1688411658294.png?resize=300%2C194&amp;ssl=1 300w, https:\/\/i0.wp.com\/bockvonwuelfingen.org\/wp-content\/uploads\/2023\/07\/3-e1688411658294.png?resize=768%2C495&amp;ssl=1 768w\" sizes=\"(max-width: 772px) 85vw, 772px\" data-recalc-dims=\"1\" \/><\/a><\/figure>\n<div class=\"box3-bottom\">\n<p class=\"has-text-align-center\" style=\"font-size:12px\"><p class=\"has-text-align-center\" style=\"font-size:12px;font-family:lato\">\n&#8211; \u00d6ffentlich Sprechen, Pr\u00e4sentations-Profiling, Rhetorik<br \/>\n&#8211; Machtspiele und konstruktive Rhetorik: K\u00f6rper und Sprache, Empowerment<br \/>\n<\/p>\n  <\/div>\n<\/div>\n\n<\/div>\n\n\n\n<div class=\"wp-block-column is-layout-flow wp-block-column-is-layout-flow\" style=\"flex-basis:60px\"><\/div>\n\n\n\n<div class=\"box4\">\n<div class=\"wp-block-column is-layout-flow wp-block-column-is-layout-flow\">\n\n<figure class=\"wp-block-image size-full is-style-default\"><a href=\"https:\/\/bockvonwuelfingen.org\/coaching-fuer-einzelpersonen\/\"><img loading=\"lazy\" decoding=\"async\" width=\"765\" height=\"498\" src=\"https:\/\/i0.wp.com\/bockvonwuelfingen.org\/wp-content\/uploads\/2023\/07\/4-e1688411682387.png?resize=765%2C498&#038;ssl=1\" alt=\"\" class=\"wp-image-847\" srcset=\"https:\/\/i0.wp.com\/bockvonwuelfingen.org\/wp-content\/uploads\/2023\/07\/4-e1688411682387.png?w=765&amp;ssl=1 765w, https:\/\/i0.wp.com\/bockvonwuelfingen.org\/wp-content\/uploads\/2023\/07\/4-e1688411682387.png?resize=300%2C195&amp;ssl=1 300w\" sizes=\"(max-width: 765px) 85vw, 765px\" data-recalc-dims=\"1\" \/><\/a><\/figure>\n<div class=\"box4-bottom\">\n<p class=\"has-text-align-center\" style=\"font-size:12px\"><p class=\"has-text-align-center\" style=\"font-size:12px;font-family:lato\">\n&#8211; Einzelberatung<br \/>\n&#8211; Pers\u00f6nliche und Berufliche Entscheidungsfindung<br \/>\n<\/p>\n  <\/div>\n<\/div>\n\n<\/div>\n\n\n\n<div class=\"wp-block-column is-layout-flow wp-block-column-is-layout-flow\" style=\"flex-basis:30px\"><\/div>\n<\/div>\n<\/div>\n<\/div>\n<\/div>\n<\/div>\n\n\n\n<div style=\"height:69px\" aria-hidden=\"true\" class=\"wp-block-spacer\"><\/div>\n\n\n\n<hr class=\"wp-block-separator has-text-color has-alpha-channel-opacity has-background\" style=\"background-color:#e66e60;color:#e66e60\"\/>\n\n\n\n<div class=\"wp-block-columns is-layout-flex wp-container-core-columns-layout-5 wp-block-columns-is-layout-flex\">\n<div class=\"wp-block-column is-layout-flow wp-block-column-is-layout-flow\">\n<p class=\"has-text-align-center has-text-color\" style=\"color:#e66e60;font-size:18px\"><p class=\"has-text-align-center has-text-color\" style=\"color:#e66e60;font-size:18px;font-family:lato\"><strong>Kontakt<\/strong><\/p><\/p>\n\n\n\n<p class=\"has-text-align-center\"><p class=\"has-text-align-center\" style=\"font-size:16px;font-family:lato\">www.bockvonwuelfingen.org<br><a href=\"mailto:post@bockvonwuelfingen.org\">post@bockvonwuelfingen.org<\/a><br>+49 (0)30 25 93 26 24 <br>Sitz: Berlin<\/font><\/p><\/p>\n\n\n\n<p class=\"has-text-align-center has-text-color\" style=\"color:#e66e60;font-size:18px\"><p class=\"has-text-align-center has-text-color\" style=\"color:#e66e60;font-size:18px;font-family:lato\"><strong>Referenzen<\/strong><\/p><\/p>\n\n\n<div class=\"wp-block-image\">\n<figure class=\"aligncenter size-large is-resized\"><img loading=\"lazy\" decoding=\"async\" src=\"https:\/\/i0.wp.com\/bockvonwuelfingen.org\/wp-content\/uploads\/2023\/06\/logos_grau.png?resize=512%2C288&#038;ssl=1\" alt=\"\" class=\"wp-image-825\" width=\"512\" height=\"288\" srcset=\"https:\/\/i0.wp.com\/bockvonwuelfingen.org\/wp-content\/uploads\/2023\/06\/logos_grau.png?resize=1024%2C576&amp;ssl=1 1024w, https:\/\/i0.wp.com\/bockvonwuelfingen.org\/wp-content\/uploads\/2023\/06\/logos_grau.png?resize=300%2C169&amp;ssl=1 300w, https:\/\/i0.wp.com\/bockvonwuelfingen.org\/wp-content\/uploads\/2023\/06\/logos_grau.png?resize=768%2C432&amp;ssl=1 768w, https:\/\/i0.wp.com\/bockvonwuelfingen.org\/wp-content\/uploads\/2023\/06\/logos_grau.png?resize=1536%2C864&amp;ssl=1 1536w, https:\/\/i0.wp.com\/bockvonwuelfingen.org\/wp-content\/uploads\/2023\/06\/logos_grau.png?resize=1200%2C675&amp;ssl=1 1200w, https:\/\/i0.wp.com\/bockvonwuelfingen.org\/wp-content\/uploads\/2023\/06\/logos_grau.png?w=1920&amp;ssl=1 1920w, https:\/\/i0.wp.com\/bockvonwuelfingen.org\/wp-content\/uploads\/2023\/06\/logos_grau.png?w=1680&amp;ssl=1 1680w\" sizes=\"(max-width: 512px) 85vw, 512px\" data-recalc-dims=\"1\" \/><\/figure><\/div><\/div>\n<\/div>\n\n\n\n<div style=\"height:72px\" aria-hidden=\"true\" class=\"wp-block-spacer\"><\/div>\n\n\n\n<p class=\"has-text-align-center\" style=\"font-size:10px\"><p class=\"has-text-align-center\" style=\"font-size:10px;font-family:lato\"><a href=\"https:\/\/bockvonwuelfingen.org\/impressum\/\">Impressum<\/a><br><a href=\"https:\/\/bockvonwuelfingen.org\/datenschutzerklaerung\/\">Datenschutz<\/a><\/p><\/p>\n\n\n\n<div style=\"height:47px\" aria-hidden=\"true\" class=\"wp-block-spacer\"><\/div>\n\n\n\n<p><\/p>\n","protected":false},"excerpt":{"rendered":"<p>&nbsp; Bettina W\u00fclfingen, PD Dr.Training &amp; Coaching Unsere Gesellschaft entwickelt sich rasch und fordert von uns st\u00e4ndige Ver\u00e4nderung. Meine Trainings und Workshops beantworten diese Herausforderungen mit ma\u00dfgeschneiderten Programmen. Zu meinen Angeboten geh\u00f6ren Workshops f\u00fcr Leitungen, Teams und gr\u00f6\u00dfere Gruppen zum Verst\u00e4ndnis von Geschlechter- und Diversit\u00e4ts-Anliegen ebenso wie Trainings im Umgang mit Machtspielen in \u00f6ffentlichen Situationen, &hellip; <a href=\"https:\/\/bockvonwuelfingen.org\/en\/test-2\/\" class=\"more-link\">Continue reading<span class=\"screen-reader-text\"> &#8220;Test 2&#8221;<\/span><\/a><\/p>\n","protected":false},"author":1,"featured_media":0,"parent":0,"menu_order":0,"comment_status":"closed","ping_status":"closed","template":"template-page-builder-no-header-footer.php","meta":{"footnotes":""},"translation":{"provider":"WPGlobus","version":"2.12.2","language":"en","enabled_languages":["de","en"],"languages":{"de":{"title":true,"content":true,"excerpt":false},"en":{"title":false,"content":false,"excerpt":false}}},"yoast_head":"<!-- This site is optimized with the Yoast SEO plugin v22.5 - https:\/\/yoast.com\/wordpress\/plugins\/seo\/ -->\n<title>Test 2 - PD Dr. Bettina Bock von W\u00fclfingen<\/title>\n<meta name=\"robots\" content=\"index, follow, max-snippet:-1, max-image-preview:large, max-video-preview:-1\" \/>\n<link rel=\"canonical\" href=\"https:\/\/bockvonwuelfingen.org\/test-2\/\" \/>\n<meta property=\"og:locale\" content=\"en_US\" \/>\n<meta property=\"og:type\" content=\"article\" \/>\n<meta property=\"og:title\" content=\"Test 2 - PD Dr. Bettina Bock von W\u00fclfingen\" \/>\n<meta property=\"og:url\" content=\"https:\/\/bockvonwuelfingen.org\/test-2\/\" \/>\n<meta property=\"og:site_name\" content=\"PD Dr. Bettina Bock von W\u00fclfingen\" \/>\n<meta property=\"article:modified_time\" content=\"2023-07-13T21:40:27+00:00\" \/>\n<meta property=\"og:image\" content=\"https:\/\/bockvonwuelfingen.org\/wp-content\/uploads\/2023\/07\/Bettina_Din_A4-1-e1689061277174-908x1024.png\" \/>\n<meta name=\"twitter:card\" content=\"summary_large_image\" \/>\n<meta name=\"twitter:label1\" content=\"Est. reading time\" \/>\n\t<meta name=\"twitter:data1\" content=\"1 minute\" \/>\n<script type=\"application\/ld+json\" class=\"yoast-schema-graph\">{\"@context\":\"https:\/\/schema.org\",\"@graph\":[{\"@type\":\"WebPage\",\"@id\":\"https:\/\/bockvonwuelfingen.org\/test-2\/\",\"url\":\"https:\/\/bockvonwuelfingen.org\/test-2\/\",\"name\":\"Test 2 - PD Dr. Bettina Bock von W\u00fclfingen\",\"isPartOf\":{\"@id\":\"https:\/\/bockvonwuelfingen.org\/#website\"},\"primaryImageOfPage\":{\"@id\":\"https:\/\/bockvonwuelfingen.org\/test-2\/#primaryimage\"},\"image\":{\"@id\":\"https:\/\/bockvonwuelfingen.org\/test-2\/#primaryimage\"},\"thumbnailUrl\":\"https:\/\/bockvonwuelfingen.org\/wp-content\/uploads\/2023\/07\/Bettina_Din_A4-1-e1689061277174-908x1024.png\",\"datePublished\":\"2023-07-03T19:38:07+00:00\",\"dateModified\":\"2023-07-13T21:40:27+00:00\",\"breadcrumb\":{\"@id\":\"https:\/\/bockvonwuelfingen.org\/test-2\/#breadcrumb\"},\"inLanguage\":\"en-US\",\"potentialAction\":[{\"@type\":\"ReadAction\",\"target\":[\"https:\/\/bockvonwuelfingen.org\/test-2\/\"]}]},{\"@type\":\"ImageObject\",\"inLanguage\":\"en-US\",\"@id\":\"https:\/\/bockvonwuelfingen.org\/test-2\/#primaryimage\",\"url\":\"https:\/\/bockvonwuelfingen.org\/wp-content\/uploads\/2023\/07\/Bettina_Din_A4-1-e1689061277174-908x1024.png\",\"contentUrl\":\"https:\/\/bockvonwuelfingen.org\/wp-content\/uploads\/2023\/07\/Bettina_Din_A4-1-e1689061277174-908x1024.png\"},{\"@type\":\"BreadcrumbList\",\"@id\":\"https:\/\/bockvonwuelfingen.org\/test-2\/#breadcrumb\",\"itemListElement\":[{\"@type\":\"ListItem\",\"position\":1,\"name\":\"Startseite\",\"item\":\"https:\/\/bockvonwuelfingen.org\/\"},{\"@type\":\"ListItem\",\"position\":2,\"name\":\"Test 2\"}]},{\"@type\":\"WebSite\",\"@id\":\"https:\/\/bockvonwuelfingen.org\/#website\",\"url\":\"https:\/\/bockvonwuelfingen.org\/\",\"name\":\"Bettina W\u00fclfingen\",\"description\":\"Associate Professor at the Institute for Cultural History and Theory, Humboldt-Universit\u00e4t zu Berlin\",\"publisher\":{\"@id\":\"https:\/\/bockvonwuelfingen.org\/#\/schema\/person\/61c196bfb1a7a615a5363fae7a8c0da8\"},\"potentialAction\":[{\"@type\":\"SearchAction\",\"target\":{\"@type\":\"EntryPoint\",\"urlTemplate\":\"https:\/\/bockvonwuelfingen.org\/?s={search_term_string}\"},\"query-input\":\"required name=search_term_string\"}],\"inLanguage\":\"en-US\"},{\"@type\":[\"Person\",\"Organization\"],\"@id\":\"https:\/\/bockvonwuelfingen.org\/#\/schema\/person\/61c196bfb1a7a615a5363fae7a8c0da8\",\"name\":\"Bettina\",\"image\":{\"@type\":\"ImageObject\",\"inLanguage\":\"en-US\",\"@id\":\"https:\/\/bockvonwuelfingen.org\/#\/schema\/person\/image\/\",\"url\":\"https:\/\/i0.wp.com\/bockvonwuelfingen.org\/wp-content\/uploads\/2023\/10\/IMG_2597-scaled.jpg?fit=1707%2C2560&ssl=1\",\"contentUrl\":\"https:\/\/i0.wp.com\/bockvonwuelfingen.org\/wp-content\/uploads\/2023\/10\/IMG_2597-scaled.jpg?fit=1707%2C2560&ssl=1\",\"width\":1707,\"height\":2560,\"caption\":\"Bettina\"},\"logo\":{\"@id\":\"https:\/\/bockvonwuelfingen.org\/#\/schema\/person\/image\/\"},\"sameAs\":[\"http:\/\/bockvonwuelfingen.org\/spielraum\",\"https:\/\/www.linkedin.com\/in\/bettina-bock-von-wlfingen-b605b72\/\"]}]}<\/script>\n<!-- \/ Yoast SEO plugin. -->","yoast_head_json":{"title":"Test 2 - PD Dr. Bettina Bock von W\u00fclfingen","robots":{"index":"index","follow":"follow","max-snippet":"max-snippet:-1","max-image-preview":"max-image-preview:large","max-video-preview":"max-video-preview:-1"},"canonical":"https:\/\/bockvonwuelfingen.org\/test-2\/","og_locale":"en_US","og_type":"article","og_title":"Test 2 - PD Dr. Bettina Bock von W\u00fclfingen","og_url":"https:\/\/bockvonwuelfingen.org\/test-2\/","og_site_name":"PD Dr. Bettina Bock von W\u00fclfingen","article_modified_time":"2023-07-13T21:40:27+00:00","og_image":[{"url":"https:\/\/bockvonwuelfingen.org\/wp-content\/uploads\/2023\/07\/Bettina_Din_A4-1-e1689061277174-908x1024.png"}],"twitter_card":"summary_large_image","twitter_misc":{"Est. reading time":"1 minute"},"schema":{"@context":"https:\/\/schema.org","@graph":[{"@type":"WebPage","@id":"https:\/\/bockvonwuelfingen.org\/test-2\/","url":"https:\/\/bockvonwuelfingen.org\/test-2\/","name":"Test 2 - PD Dr. Bettina Bock von W\u00fclfingen","isPartOf":{"@id":"https:\/\/bockvonwuelfingen.org\/#website"},"primaryImageOfPage":{"@id":"https:\/\/bockvonwuelfingen.org\/test-2\/#primaryimage"},"image":{"@id":"https:\/\/bockvonwuelfingen.org\/test-2\/#primaryimage"},"thumbnailUrl":"https:\/\/bockvonwuelfingen.org\/wp-content\/uploads\/2023\/07\/Bettina_Din_A4-1-e1689061277174-908x1024.png","datePublished":"2023-07-03T19:38:07+00:00","dateModified":"2023-07-13T21:40:27+00:00","breadcrumb":{"@id":"https:\/\/bockvonwuelfingen.org\/test-2\/#breadcrumb"},"inLanguage":"en-US","potentialAction":[{"@type":"ReadAction","target":["https:\/\/bockvonwuelfingen.org\/test-2\/"]}]},{"@type":"ImageObject","inLanguage":"en-US","@id":"https:\/\/bockvonwuelfingen.org\/test-2\/#primaryimage","url":"https:\/\/bockvonwuelfingen.org\/wp-content\/uploads\/2023\/07\/Bettina_Din_A4-1-e1689061277174-908x1024.png","contentUrl":"https:\/\/bockvonwuelfingen.org\/wp-content\/uploads\/2023\/07\/Bettina_Din_A4-1-e1689061277174-908x1024.png"},{"@type":"BreadcrumbList","@id":"https:\/\/bockvonwuelfingen.org\/test-2\/#breadcrumb","itemListElement":[{"@type":"ListItem","position":1,"name":"Startseite","item":"https:\/\/bockvonwuelfingen.org\/"},{"@type":"ListItem","position":2,"name":"Test 2"}]},{"@type":"WebSite","@id":"https:\/\/bockvonwuelfingen.org\/#website","url":"https:\/\/bockvonwuelfingen.org\/","name":"Bettina W\u00fclfingen","description":"Associate Professor at the Institute for Cultural History and Theory, Humboldt-Universit\u00e4t zu Berlin","publisher":{"@id":"https:\/\/bockvonwuelfingen.org\/#\/schema\/person\/61c196bfb1a7a615a5363fae7a8c0da8"},"potentialAction":[{"@type":"SearchAction","target":{"@type":"EntryPoint","urlTemplate":"https:\/\/bockvonwuelfingen.org\/?s={search_term_string}"},"query-input":"required name=search_term_string"}],"inLanguage":"en-US"},{"@type":["Person","Organization"],"@id":"https:\/\/bockvonwuelfingen.org\/#\/schema\/person\/61c196bfb1a7a615a5363fae7a8c0da8","name":"Bettina","image":{"@type":"ImageObject","inLanguage":"en-US","@id":"https:\/\/bockvonwuelfingen.org\/#\/schema\/person\/image\/","url":"https:\/\/i0.wp.com\/bockvonwuelfingen.org\/wp-content\/uploads\/2023\/10\/IMG_2597-scaled.jpg?fit=1707%2C2560&ssl=1","contentUrl":"https:\/\/i0.wp.com\/bockvonwuelfingen.org\/wp-content\/uploads\/2023\/10\/IMG_2597-scaled.jpg?fit=1707%2C2560&ssl=1","width":1707,"height":2560,"caption":"Bettina"},"logo":{"@id":"https:\/\/bockvonwuelfingen.org\/#\/schema\/person\/image\/"},"sameAs":["http:\/\/bockvonwuelfingen.org\/spielraum","https:\/\/www.linkedin.com\/in\/bettina-bock-von-wlfingen-b605b72\/"]}]}},"jetpack_sharing_enabled":true,"_links":{"self":[{"href":"https:\/\/bockvonwuelfingen.org\/en\/wp-json\/wp\/v2\/pages\/843"}],"collection":[{"href":"https:\/\/bockvonwuelfingen.org\/en\/wp-json\/wp\/v2\/pages"}],"about":[{"href":"https:\/\/bockvonwuelfingen.org\/en\/wp-json\/wp\/v2\/types\/page"}],"author":[{"embeddable":true,"href":"https:\/\/bockvonwuelfingen.org\/en\/wp-json\/wp\/v2\/users\/1"}],"replies":[{"embeddable":true,"href":"https:\/\/bockvonwuelfingen.org\/en\/wp-json\/wp\/v2\/comments?post=843"}],"version-history":[{"count":18,"href":"https:\/\/bockvonwuelfingen.org\/en\/wp-json\/wp\/v2\/pages\/843\/revisions"}],"predecessor-version":[{"id":1105,"href":"https:\/\/bockvonwuelfingen.org\/en\/wp-json\/wp\/v2\/pages\/843\/revisions\/1105"}],"wp:attachment":[{"href":"https:\/\/bockvonwuelfingen.org\/en\/wp-json\/wp\/v2\/media?parent=843"}],"curies":[{"name":"wp","href":"https:\/\/api.w.org\/{rel}","templated":true}]}}