{"id":868,"date":"2023-07-05T23:17:18","date_gmt":"2023-07-05T21:17:18","guid":{"rendered":"https:\/\/bockvonwuelfingen.org\/?page_id=868"},"modified":"2023-07-10T13:12:10","modified_gmt":"2023-07-10T11:12:10","slug":"test-3","status":"publish","type":"page","link":"https:\/\/bockvonwuelfingen.org\/en\/test-3\/","title":{"rendered":"Test 3"},"content":{"rendered":"\n<div style=\"height:100px\" aria-hidden=\"true\" class=\"wp-block-spacer\"><\/div>\n\n\n\n<div class=\"wp-block-columns is-layout-flex wp-container-core-columns-layout-2 wp-block-columns-is-layout-flex\">\n<div class=\"wp-block-column is-layout-flow wp-block-column-is-layout-flow\">\n<div class=\"wp-block-columns is-layout-flex wp-container-core-columns-layout-1 wp-block-columns-is-layout-flex\">\n<div class=\"wp-block-column is-layout-flow wp-block-column-is-layout-flow\"><\/div>\n\n\n\n<div class=\"wp-block-column is-layout-flow wp-block-column-is-layout-flow\">\n<h2 class=\"wp-block-heading\">Bettina W\u00fclfingen, PD Dr.<br>Training &amp; Coaching<\/h2>\n<\/div>\n\n\n\n<div class=\"wp-block-column is-layout-flow wp-block-column-is-layout-flow\"><\/div>\n\n\n\n<div class=\"wp-block-column is-layout-flow wp-block-column-is-layout-flow\"><\/div>\n\n\n\n<div class=\"wp-block-column is-layout-flow wp-block-column-is-layout-flow\"><\/div>\n<\/div>\n<\/div>\n<\/div>\n\n\n\n<div class=\"wp-block-columns is-layout-flex wp-container-core-columns-layout-3 wp-block-columns-is-layout-flex\">\n<div class=\"wp-block-column is-layout-flow wp-block-column-is-layout-flow\" style=\"flex-basis:43.33%\"><\/div>\n\n\n\n<div class=\"wp-block-column is-layout-flow wp-block-column-is-layout-flow\" style=\"flex-basis:40%\"><div class=\"wp-block-image\">\n<figure class=\"alignright size-large is-resized\"><img loading=\"lazy\" decoding=\"async\" src=\"https:\/\/i0.wp.com\/bockvonwuelfingen.org\/wp-content\/uploads\/2023\/06\/Portrait_Weniger.gut_7XDeOex_kontraste_Ausschnitt.Flyer_horiz.gespiegelt-1.png?resize=186%2C172&#038;ssl=1\" alt=\"\" class=\"wp-image-765\" width=\"186\" height=\"172\" srcset=\"https:\/\/i0.wp.com\/bockvonwuelfingen.org\/wp-content\/uploads\/2023\/06\/Portrait_Weniger.gut_7XDeOex_kontraste_Ausschnitt.Flyer_horiz.gespiegelt-1.png?resize=1024%2C944&amp;ssl=1 1024w, https:\/\/i0.wp.com\/bockvonwuelfingen.org\/wp-content\/uploads\/2023\/06\/Portrait_Weniger.gut_7XDeOex_kontraste_Ausschnitt.Flyer_horiz.gespiegelt-1.png?resize=300%2C277&amp;ssl=1 300w, https:\/\/i0.wp.com\/bockvonwuelfingen.org\/wp-content\/uploads\/2023\/06\/Portrait_Weniger.gut_7XDeOex_kontraste_Ausschnitt.Flyer_horiz.gespiegelt-1.png?resize=768%2C708&amp;ssl=1 768w, https:\/\/i0.wp.com\/bockvonwuelfingen.org\/wp-content\/uploads\/2023\/06\/Portrait_Weniger.gut_7XDeOex_kontraste_Ausschnitt.Flyer_horiz.gespiegelt-1.png?w=1163&amp;ssl=1 1163w\" sizes=\"(max-width: 186px) 85vw, 186px\" data-recalc-dims=\"1\" \/><\/figure><\/div>\n\n\n<p style=\"font-size:15px\">Unsere Gesellschaft entwickelt sich rasch und fordert von uns st\u00e4ndige Ver\u00e4nderung. Meine Trainings und Workshops beantworten diese Herausforderungen mit ma\u00dfgeschneiderten Programmen. Zu meinen Angeboten geh\u00f6ren Workshops f\u00fcr Leitungen, Teams und gr\u00f6\u00dfere Gruppen zum Verst\u00e4ndnis von Geschlechter- und Diversit\u00e4ts-Anliegen ebenso wie Trainings im Umgang mit Machtspielen in \u00f6ffentlichen Situationen, Empowerment und Pr\u00e4sentationsprofiling auch speziell f\u00fcr Frauen, insbesondere auf dem Weg in F\u00fchrungspositionen. Alle Veranstaltungen k\u00f6nnen auch online und auf Englisch ausgerichtet werden.<\/p>\n<\/div>\n\n\n\n<div class=\"wp-block-column is-layout-flow wp-block-column-is-layout-flow\" style=\"flex-basis:16.67%\"><\/div>\n<\/div>\n\n\n\n<div style=\"height:26px\" aria-hidden=\"true\" class=\"wp-block-spacer\"><\/div>\n\n\n\n<div class=\"wp-block-columns is-layout-flex wp-container-core-columns-layout-6 wp-block-columns-is-layout-flex\">\n<div class=\"wp-block-column is-layout-flow wp-block-column-is-layout-flow\">\n<div class=\"wp-block-columns is-layout-flex wp-container-core-columns-layout-5 wp-block-columns-is-layout-flex\">\n<div class=\"wp-block-column is-layout-flow wp-block-column-is-layout-flow\" style=\"flex-basis:100%\">\n<div class=\"wp-block-columns is-layout-flex wp-container-core-columns-layout-4 wp-block-columns-is-layout-flex\">\n<div class=\"wp-block-column is-layout-flow wp-block-column-is-layout-flow\"><\/div>\n\n\n\n<div class=\"box\">\n<div class=\"wp-block-column is-layout-flow wp-block-column-is-layout-flow\">\n\n<figure class=\"wp-block-image size-full is-style-default button-b-1\"><img decoding=\"async\" src=\"https:\/\/i0.wp.com\/bockvonwuelfingen.org\/wp-content\/uploads\/2023\/07\/1-e1688411592810.png?w=840&#038;ssl=1\" alt=\"\" class=\"wp-image-844\" data-recalc-dims=\"1\"\/><\/figure>\n  <div class=\"box-bottom\">\n<font size=\"1\"> 15+ Jahre Training als Dozentin <br \/>\n15+ Jahre Erfahrung als Coach <br \/>\nWissenschaftlich fundiert und up to date <br \/> \nStetig in Weiterbildung: Derzeit Ausbildung zur Mediatorin\n<\/font>\n  <\/div>\n<\/div>\n\n<\/div>\n\n\n\n<div class=\"wp-block-column is-layout-flow wp-block-column-is-layout-flow\">\n<figure class=\"wp-block-image size-full is-style-default\"><img decoding=\"async\" src=\"https:\/\/i0.wp.com\/bockvonwuelfingen.org\/wp-content\/uploads\/2023\/07\/Bettina-Buttons-e1688413040463.png?w=840&#038;ssl=1\" alt=\"\" class=\"wp-image-860\" data-recalc-dims=\"1\"\/><\/figure>\n<\/div>\n\n\n\n<div class=\"wp-block-column is-layout-flow wp-block-column-is-layout-flow\">\n<figure class=\"wp-block-image size-full is-style-default\"><img loading=\"lazy\" decoding=\"async\" width=\"772\" height=\"498\" src=\"https:\/\/i0.wp.com\/bockvonwuelfingen.org\/wp-content\/uploads\/2023\/07\/3-e1688411658294.png?resize=772%2C498&#038;ssl=1\" alt=\"\" class=\"wp-image-846\" srcset=\"https:\/\/i0.wp.com\/bockvonwuelfingen.org\/wp-content\/uploads\/2023\/07\/3-e1688411658294.png?w=772&amp;ssl=1 772w, https:\/\/i0.wp.com\/bockvonwuelfingen.org\/wp-content\/uploads\/2023\/07\/3-e1688411658294.png?resize=300%2C194&amp;ssl=1 300w, https:\/\/i0.wp.com\/bockvonwuelfingen.org\/wp-content\/uploads\/2023\/07\/3-e1688411658294.png?resize=768%2C495&amp;ssl=1 768w\" sizes=\"(max-width: 772px) 85vw, 772px\" data-recalc-dims=\"1\" \/><\/figure>\n<\/div>\n\n\n\n<div class=\"wp-block-column is-layout-flow wp-block-column-is-layout-flow\">\n<figure class=\"wp-block-image size-full is-style-default\"><img loading=\"lazy\" decoding=\"async\" width=\"765\" height=\"498\" src=\"https:\/\/i0.wp.com\/bockvonwuelfingen.org\/wp-content\/uploads\/2023\/07\/4-e1688411682387.png?resize=765%2C498&#038;ssl=1\" alt=\"\" class=\"wp-image-847\" srcset=\"https:\/\/i0.wp.com\/bockvonwuelfingen.org\/wp-content\/uploads\/2023\/07\/4-e1688411682387.png?w=765&amp;ssl=1 765w, https:\/\/i0.wp.com\/bockvonwuelfingen.org\/wp-content\/uploads\/2023\/07\/4-e1688411682387.png?resize=300%2C195&amp;ssl=1 300w\" sizes=\"(max-width: 765px) 85vw, 765px\" data-recalc-dims=\"1\" \/><\/figure>\n<\/div>\n\n\n\n<div class=\"wp-block-column is-layout-flow wp-block-column-is-layout-flow\"><\/div>\n<\/div>\n<\/div>\n<\/div>\n<\/div>\n<\/div>\n\n\n\n<hr class=\"wp-block-separator has-text-color has-alpha-channel-opacity has-background\" style=\"background-color:#e66e60;color:#e66e60\"\/>\n\n\n\n<div class=\"wp-block-columns is-layout-flex wp-container-core-columns-layout-7 wp-block-columns-is-layout-flex\">\n<div class=\"wp-block-column is-layout-flow wp-block-column-is-layout-flow\">\n<h5 class=\"has-text-align-center wp-block-heading\">Kontakt<\/h5>\n\n\n\n<p class=\"has-text-align-center has-small-font-size\">www.bockvonwuelfingen.org<br><a href=\"mailto:post@bockvonwuelfingen.org\">post@bockvonwuelfingen.org<\/a><br>+49 (0)30 25 93 26 24 <br>Sitz: Berlin<\/p>\n\n\n\n<h5 class=\"has-text-align-center wp-block-heading\">Referenzen<\/h5>\n\n\n<div class=\"wp-block-image\">\n<figure class=\"aligncenter size-large is-resized\"><img loading=\"lazy\" decoding=\"async\" src=\"https:\/\/i0.wp.com\/bockvonwuelfingen.org\/wp-content\/uploads\/2023\/06\/logos_grau.png?resize=512%2C288&#038;ssl=1\" alt=\"\" class=\"wp-image-825\" width=\"512\" height=\"288\" srcset=\"https:\/\/i0.wp.com\/bockvonwuelfingen.org\/wp-content\/uploads\/2023\/06\/logos_grau.png?resize=1024%2C576&amp;ssl=1 1024w, https:\/\/i0.wp.com\/bockvonwuelfingen.org\/wp-content\/uploads\/2023\/06\/logos_grau.png?resize=300%2C169&amp;ssl=1 300w, https:\/\/i0.wp.com\/bockvonwuelfingen.org\/wp-content\/uploads\/2023\/06\/logos_grau.png?resize=768%2C432&amp;ssl=1 768w, https:\/\/i0.wp.com\/bockvonwuelfingen.org\/wp-content\/uploads\/2023\/06\/logos_grau.png?resize=1536%2C864&amp;ssl=1 1536w, https:\/\/i0.wp.com\/bockvonwuelfingen.org\/wp-content\/uploads\/2023\/06\/logos_grau.png?resize=1200%2C675&amp;ssl=1 1200w, https:\/\/i0.wp.com\/bockvonwuelfingen.org\/wp-content\/uploads\/2023\/06\/logos_grau.png?w=1920&amp;ssl=1 1920w, https:\/\/i0.wp.com\/bockvonwuelfingen.org\/wp-content\/uploads\/2023\/06\/logos_grau.png?w=1680&amp;ssl=1 1680w\" sizes=\"(max-width: 512px) 85vw, 512px\" data-recalc-dims=\"1\" \/><\/figure><\/div><\/div>\n<\/div>\n\n\n\n<div style=\"height:72px\" aria-hidden=\"true\" class=\"wp-block-spacer\"><\/div>\n\n\n\n<p class=\"has-text-align-center\" style=\"font-size:8px\"><a href=\"https:\/\/bockvonwuelfingen.org\/impressum\/\">Impressum<\/a><br><a href=\"https:\/\/bockvonwuelfingen.org\/datenschutzerklaerung\/\">Datenschutz<\/a><\/p>\n\n\n\n<div style=\"height:47px\" aria-hidden=\"true\" class=\"wp-block-spacer\"><\/div>\n","protected":false},"excerpt":{"rendered":"<p>Bettina W\u00fclfingen, PD Dr.Training &amp; Coaching Unsere Gesellschaft entwickelt sich rasch und fordert von uns st\u00e4ndige Ver\u00e4nderung. Meine Trainings und Workshops beantworten diese Herausforderungen mit ma\u00dfgeschneiderten Programmen. Zu meinen Angeboten geh\u00f6ren Workshops f\u00fcr Leitungen, Teams und gr\u00f6\u00dfere Gruppen zum Verst\u00e4ndnis von Geschlechter- und Diversit\u00e4ts-Anliegen ebenso wie Trainings im Umgang mit Machtspielen in \u00f6ffentlichen Situationen, Empowerment &hellip; <a href=\"https:\/\/bockvonwuelfingen.org\/en\/test-3\/\" class=\"more-link\">Continue reading<span class=\"screen-reader-text\"> &#8220;Test 3&#8221;<\/span><\/a><\/p>\n","protected":false},"author":1,"featured_media":0,"parent":0,"menu_order":0,"comment_status":"closed","ping_status":"closed","template":"template-page-builder-no-header-footer.php","meta":{"footnotes":""},"translation":{"provider":"WPGlobus","version":"2.12.2","language":"en","enabled_languages":["de","en"],"languages":{"de":{"title":true,"content":true,"excerpt":false},"en":{"title":false,"content":false,"excerpt":false}}},"yoast_head":"<!-- This site is optimized with the Yoast SEO plugin v22.5 - https:\/\/yoast.com\/wordpress\/plugins\/seo\/ -->\n<title>Test 3 - PD Dr. Bettina Bock von W\u00fclfingen<\/title>\n<meta name=\"robots\" content=\"index, follow, max-snippet:-1, max-image-preview:large, max-video-preview:-1\" \/>\n<link rel=\"canonical\" href=\"https:\/\/bockvonwuelfingen.org\/test-3\/\" \/>\n<meta property=\"og:locale\" content=\"en_US\" \/>\n<meta property=\"og:type\" content=\"article\" \/>\n<meta property=\"og:title\" content=\"Test 3 - PD Dr. Bettina Bock von W\u00fclfingen\" \/>\n<meta property=\"og:url\" content=\"https:\/\/bockvonwuelfingen.org\/test-3\/\" \/>\n<meta property=\"og:site_name\" content=\"PD Dr. Bettina Bock von W\u00fclfingen\" \/>\n<meta property=\"article:modified_time\" content=\"2023-07-10T11:12:10+00:00\" \/>\n<meta property=\"og:image\" content=\"https:\/\/bockvonwuelfingen.org\/wp-content\/uploads\/2023\/06\/Portrait_Weniger.gut_7XDeOex_kontraste_Ausschnitt.Flyer_horiz.gespiegelt-1-1024x944.png\" \/>\n<meta name=\"twitter:card\" content=\"summary_large_image\" \/>\n<meta name=\"twitter:label1\" content=\"Est. reading time\" \/>\n\t<meta name=\"twitter:data1\" content=\"1 minute\" \/>\n<script type=\"application\/ld+json\" class=\"yoast-schema-graph\">{\"@context\":\"https:\/\/schema.org\",\"@graph\":[{\"@type\":\"WebPage\",\"@id\":\"https:\/\/bockvonwuelfingen.org\/test-3\/\",\"url\":\"https:\/\/bockvonwuelfingen.org\/test-3\/\",\"name\":\"Test 3 - PD Dr. Bettina Bock von W\u00fclfingen\",\"isPartOf\":{\"@id\":\"https:\/\/bockvonwuelfingen.org\/#website\"},\"primaryImageOfPage\":{\"@id\":\"https:\/\/bockvonwuelfingen.org\/test-3\/#primaryimage\"},\"image\":{\"@id\":\"https:\/\/bockvonwuelfingen.org\/test-3\/#primaryimage\"},\"thumbnailUrl\":\"https:\/\/bockvonwuelfingen.org\/wp-content\/uploads\/2023\/06\/Portrait_Weniger.gut_7XDeOex_kontraste_Ausschnitt.Flyer_horiz.gespiegelt-1-1024x944.png\",\"datePublished\":\"2023-07-05T21:17:18+00:00\",\"dateModified\":\"2023-07-10T11:12:10+00:00\",\"breadcrumb\":{\"@id\":\"https:\/\/bockvonwuelfingen.org\/test-3\/#breadcrumb\"},\"inLanguage\":\"en-US\",\"potentialAction\":[{\"@type\":\"ReadAction\",\"target\":[\"https:\/\/bockvonwuelfingen.org\/test-3\/\"]}]},{\"@type\":\"ImageObject\",\"inLanguage\":\"en-US\",\"@id\":\"https:\/\/bockvonwuelfingen.org\/test-3\/#primaryimage\",\"url\":\"https:\/\/bockvonwuelfingen.org\/wp-content\/uploads\/2023\/06\/Portrait_Weniger.gut_7XDeOex_kontraste_Ausschnitt.Flyer_horiz.gespiegelt-1-1024x944.png\",\"contentUrl\":\"https:\/\/bockvonwuelfingen.org\/wp-content\/uploads\/2023\/06\/Portrait_Weniger.gut_7XDeOex_kontraste_Ausschnitt.Flyer_horiz.gespiegelt-1-1024x944.png\"},{\"@type\":\"BreadcrumbList\",\"@id\":\"https:\/\/bockvonwuelfingen.org\/test-3\/#breadcrumb\",\"itemListElement\":[{\"@type\":\"ListItem\",\"position\":1,\"name\":\"Startseite\",\"item\":\"https:\/\/bockvonwuelfingen.org\/\"},{\"@type\":\"ListItem\",\"position\":2,\"name\":\"Test 3\"}]},{\"@type\":\"WebSite\",\"@id\":\"https:\/\/bockvonwuelfingen.org\/#website\",\"url\":\"https:\/\/bockvonwuelfingen.org\/\",\"name\":\"Bettina W\u00fclfingen\",\"description\":\"Associate Professor at the Institute for Cultural History and Theory, Humboldt-Universit\u00e4t zu Berlin\",\"publisher\":{\"@id\":\"https:\/\/bockvonwuelfingen.org\/#\/schema\/person\/61c196bfb1a7a615a5363fae7a8c0da8\"},\"potentialAction\":[{\"@type\":\"SearchAction\",\"target\":{\"@type\":\"EntryPoint\",\"urlTemplate\":\"https:\/\/bockvonwuelfingen.org\/?s={search_term_string}\"},\"query-input\":\"required name=search_term_string\"}],\"inLanguage\":\"en-US\"},{\"@type\":[\"Person\",\"Organization\"],\"@id\":\"https:\/\/bockvonwuelfingen.org\/#\/schema\/person\/61c196bfb1a7a615a5363fae7a8c0da8\",\"name\":\"Bettina\",\"image\":{\"@type\":\"ImageObject\",\"inLanguage\":\"en-US\",\"@id\":\"https:\/\/bockvonwuelfingen.org\/#\/schema\/person\/image\/\",\"url\":\"https:\/\/i0.wp.com\/bockvonwuelfingen.org\/wp-content\/uploads\/2023\/10\/IMG_2597-scaled.jpg?fit=1707%2C2560&ssl=1\",\"contentUrl\":\"https:\/\/i0.wp.com\/bockvonwuelfingen.org\/wp-content\/uploads\/2023\/10\/IMG_2597-scaled.jpg?fit=1707%2C2560&ssl=1\",\"width\":1707,\"height\":2560,\"caption\":\"Bettina\"},\"logo\":{\"@id\":\"https:\/\/bockvonwuelfingen.org\/#\/schema\/person\/image\/\"},\"sameAs\":[\"http:\/\/bockvonwuelfingen.org\/spielraum\",\"https:\/\/www.linkedin.com\/in\/bettina-bock-von-wlfingen-b605b72\/\"]}]}<\/script>\n<!-- \/ Yoast SEO plugin. -->","yoast_head_json":{"title":"Test 3 - PD Dr. Bettina Bock von W\u00fclfingen","robots":{"index":"index","follow":"follow","max-snippet":"max-snippet:-1","max-image-preview":"max-image-preview:large","max-video-preview":"max-video-preview:-1"},"canonical":"https:\/\/bockvonwuelfingen.org\/test-3\/","og_locale":"en_US","og_type":"article","og_title":"Test 3 - PD Dr. Bettina Bock von W\u00fclfingen","og_url":"https:\/\/bockvonwuelfingen.org\/test-3\/","og_site_name":"PD Dr. Bettina Bock von W\u00fclfingen","article_modified_time":"2023-07-10T11:12:10+00:00","og_image":[{"url":"https:\/\/bockvonwuelfingen.org\/wp-content\/uploads\/2023\/06\/Portrait_Weniger.gut_7XDeOex_kontraste_Ausschnitt.Flyer_horiz.gespiegelt-1-1024x944.png"}],"twitter_card":"summary_large_image","twitter_misc":{"Est. reading time":"1 minute"},"schema":{"@context":"https:\/\/schema.org","@graph":[{"@type":"WebPage","@id":"https:\/\/bockvonwuelfingen.org\/test-3\/","url":"https:\/\/bockvonwuelfingen.org\/test-3\/","name":"Test 3 - PD Dr. Bettina Bock von W\u00fclfingen","isPartOf":{"@id":"https:\/\/bockvonwuelfingen.org\/#website"},"primaryImageOfPage":{"@id":"https:\/\/bockvonwuelfingen.org\/test-3\/#primaryimage"},"image":{"@id":"https:\/\/bockvonwuelfingen.org\/test-3\/#primaryimage"},"thumbnailUrl":"https:\/\/bockvonwuelfingen.org\/wp-content\/uploads\/2023\/06\/Portrait_Weniger.gut_7XDeOex_kontraste_Ausschnitt.Flyer_horiz.gespiegelt-1-1024x944.png","datePublished":"2023-07-05T21:17:18+00:00","dateModified":"2023-07-10T11:12:10+00:00","breadcrumb":{"@id":"https:\/\/bockvonwuelfingen.org\/test-3\/#breadcrumb"},"inLanguage":"en-US","potentialAction":[{"@type":"ReadAction","target":["https:\/\/bockvonwuelfingen.org\/test-3\/"]}]},{"@type":"ImageObject","inLanguage":"en-US","@id":"https:\/\/bockvonwuelfingen.org\/test-3\/#primaryimage","url":"https:\/\/bockvonwuelfingen.org\/wp-content\/uploads\/2023\/06\/Portrait_Weniger.gut_7XDeOex_kontraste_Ausschnitt.Flyer_horiz.gespiegelt-1-1024x944.png","contentUrl":"https:\/\/bockvonwuelfingen.org\/wp-content\/uploads\/2023\/06\/Portrait_Weniger.gut_7XDeOex_kontraste_Ausschnitt.Flyer_horiz.gespiegelt-1-1024x944.png"},{"@type":"BreadcrumbList","@id":"https:\/\/bockvonwuelfingen.org\/test-3\/#breadcrumb","itemListElement":[{"@type":"ListItem","position":1,"name":"Startseite","item":"https:\/\/bockvonwuelfingen.org\/"},{"@type":"ListItem","position":2,"name":"Test 3"}]},{"@type":"WebSite","@id":"https:\/\/bockvonwuelfingen.org\/#website","url":"https:\/\/bockvonwuelfingen.org\/","name":"Bettina W\u00fclfingen","description":"Associate Professor at the Institute for Cultural History and Theory, Humboldt-Universit\u00e4t zu Berlin","publisher":{"@id":"https:\/\/bockvonwuelfingen.org\/#\/schema\/person\/61c196bfb1a7a615a5363fae7a8c0da8"},"potentialAction":[{"@type":"SearchAction","target":{"@type":"EntryPoint","urlTemplate":"https:\/\/bockvonwuelfingen.org\/?s={search_term_string}"},"query-input":"required name=search_term_string"}],"inLanguage":"en-US"},{"@type":["Person","Organization"],"@id":"https:\/\/bockvonwuelfingen.org\/#\/schema\/person\/61c196bfb1a7a615a5363fae7a8c0da8","name":"Bettina","image":{"@type":"ImageObject","inLanguage":"en-US","@id":"https:\/\/bockvonwuelfingen.org\/#\/schema\/person\/image\/","url":"https:\/\/i0.wp.com\/bockvonwuelfingen.org\/wp-content\/uploads\/2023\/10\/IMG_2597-scaled.jpg?fit=1707%2C2560&ssl=1","contentUrl":"https:\/\/i0.wp.com\/bockvonwuelfingen.org\/wp-content\/uploads\/2023\/10\/IMG_2597-scaled.jpg?fit=1707%2C2560&ssl=1","width":1707,"height":2560,"caption":"Bettina"},"logo":{"@id":"https:\/\/bockvonwuelfingen.org\/#\/schema\/person\/image\/"},"sameAs":["http:\/\/bockvonwuelfingen.org\/spielraum","https:\/\/www.linkedin.com\/in\/bettina-bock-von-wlfingen-b605b72\/"]}]}},"jetpack_sharing_enabled":true,"_links":{"self":[{"href":"https:\/\/bockvonwuelfingen.org\/en\/wp-json\/wp\/v2\/pages\/868"}],"collection":[{"href":"https:\/\/bockvonwuelfingen.org\/en\/wp-json\/wp\/v2\/pages"}],"about":[{"href":"https:\/\/bockvonwuelfingen.org\/en\/wp-json\/wp\/v2\/types\/page"}],"author":[{"embeddable":true,"href":"https:\/\/bockvonwuelfingen.org\/en\/wp-json\/wp\/v2\/users\/1"}],"replies":[{"embeddable":true,"href":"https:\/\/bockvonwuelfingen.org\/en\/wp-json\/wp\/v2\/comments?post=868"}],"version-history":[{"count":30,"href":"https:\/\/bockvonwuelfingen.org\/en\/wp-json\/wp\/v2\/pages\/868\/revisions"}],"predecessor-version":[{"id":993,"href":"https:\/\/bockvonwuelfingen.org\/en\/wp-json\/wp\/v2\/pages\/868\/revisions\/993"}],"wp:attachment":[{"href":"https:\/\/bockvonwuelfingen.org\/en\/wp-json\/wp\/v2\/media?parent=868"}],"curies":[{"name":"wp","href":"https:\/\/api.w.org\/{rel}","templated":true}]}}